{"id":247,"date":"2025-07-31T18:31:31","date_gmt":"2025-07-31T16:31:31","guid":{"rendered":"https:\/\/luisbernalcomerciotextil.adrirodrigoj1.es\/?page_id=247"},"modified":"2025-08-01T19:24:16","modified_gmt":"2025-08-01T17:24:16","slug":"contacto","status":"publish","type":"page","link":"https:\/\/luisbernalcomerciotextil.adrirodrigoj1.es\/en\/contacto\/","title":{"rendered":"Contacto"},"content":{"rendered":"\t\t<div data-elementor-type=\"wp-page\" data-elementor-id=\"247\" class=\"elementor elementor-247\" data-elementor-post-type=\"page\">\n\t\t\t\t<div class=\"elementor-element elementor-element-42bf64bd e-flex e-con-boxed e-con e-parent\" data-id=\"42bf64bd\" data-element_type=\"container\" data-e-type=\"container\" data-settings=\"{&quot;background_background&quot;:&quot;classic&quot;}\">\n\t\t\t\t\t<div class=\"e-con-inner\">\n\t\t\t\t<div class=\"elementor-element elementor-element-657ae194 elementor-absolute elementor-invisible elementor-widget elementor-widget-heading\" data-id=\"657ae194\" data-element_type=\"widget\" data-e-type=\"widget\" data-settings=\"{&quot;_position&quot;:&quot;absolute&quot;,&quot;_animation&quot;:&quot;fadeInUp&quot;}\" data-widget_type=\"heading.default\">\n\t\t\t\t<div class=\"elementor-widget-container\">\n\t\t\t\t\t<div class=\"elementor-heading-title elementor-size-default\">Contacto<\/div>\t\t\t\t<\/div>\n\t\t\t\t<\/div>\n\t\t<div class=\"elementor-element elementor-element-3531794f e-con-full e-flex e-con e-child\" data-id=\"3531794f\" data-element_type=\"container\" data-e-type=\"container\">\n\t\t\t\t<div class=\"elementor-element elementor-element-4fc5159e elementor-invisible elementor-widget elementor-widget-heading\" data-id=\"4fc5159e\" data-element_type=\"widget\" data-e-type=\"widget\" data-settings=\"{&quot;_animation&quot;:&quot;fadeInLeft&quot;}\" data-widget_type=\"heading.default\">\n\t\t\t\t<div class=\"elementor-widget-container\">\n\t\t\t\t\t<h1 class=\"elementor-heading-title elementor-size-default\">Contacto<\/h1>\t\t\t\t<\/div>\n\t\t\t\t<\/div>\n\t\t\t\t<div class=\"elementor-element elementor-element-2249b4ba elementor-invisible elementor-widget elementor-widget-heading\" data-id=\"2249b4ba\" data-element_type=\"widget\" data-e-type=\"widget\" data-settings=\"{&quot;_animation&quot;:&quot;fadeInRight&quot;}\" data-widget_type=\"heading.default\">\n\t\t\t\t<div class=\"elementor-widget-container\">\n\t\t\t\t\t<h4 class=\"elementor-heading-title elementor-size-default\">\u00a1Queremos saber sobre ti!<\/h4>\t\t\t\t<\/div>\n\t\t\t\t<\/div>\n\t\t\t\t<\/div>\n\t\t\t\t\t<\/div>\n\t\t\t\t<\/div>\n\t\t<div class=\"elementor-element elementor-element-446dbc79 e-flex e-con-boxed e-con e-parent\" data-id=\"446dbc79\" data-element_type=\"container\" data-e-type=\"container\">\n\t\t\t\t\t<div class=\"e-con-inner\">\n\t\t<div class=\"elementor-element elementor-element-185df83b e-con-full e-flex elementor-invisible e-con e-child\" data-id=\"185df83b\" data-element_type=\"container\" data-e-type=\"container\" data-settings=\"{&quot;animation&quot;:&quot;fadeInLeft&quot;}\">\n\t\t\t\t<div class=\"elementor-element elementor-element-5566aadb elementor-widget elementor-widget-heading\" data-id=\"5566aadb\" data-element_type=\"widget\" data-e-type=\"widget\" data-widget_type=\"heading.default\">\n\t\t\t\t<div class=\"elementor-widget-container\">\n\t\t\t\t\t<h6 class=\"elementor-heading-title elementor-size-default\">Cont\u00e1ctanos<\/h6>\t\t\t\t<\/div>\n\t\t\t\t<\/div>\n\t\t\t\t<div class=\"elementor-element elementor-element-725c3c08 elementor-widget elementor-widget-heading\" data-id=\"725c3c08\" data-element_type=\"widget\" data-e-type=\"widget\" data-widget_type=\"heading.default\">\n\t\t\t\t<div class=\"elementor-widget-container\">\n\t\t\t\t\t<h2 class=\"elementor-heading-title elementor-size-default\">Cualquier duda que tengas, estamos para resolverla<\/h2>\t\t\t\t<\/div>\n\t\t\t\t<\/div>\n\t\t\t\t<div class=\"elementor-element elementor-element-1bd15b04 elementor-widget elementor-widget-text-editor\" data-id=\"1bd15b04\" data-element_type=\"widget\" data-e-type=\"widget\" data-widget_type=\"text-editor.default\">\n\t\t\t\t<div class=\"elementor-widget-container\">\n\t\t\t\t\t\t\t\t\t<p>Env\u00edanos un mensaje, alguien de nuestro equipo te contactar\u00e1 a la brevedad<\/p>\t\t\t\t\t\t\t\t<\/div>\n\t\t\t\t<\/div>\n\t\t\t\t<div class=\"elementor-element elementor-element-56cd6d54 elementor-mobile-align-center elementor-icon-list--layout-traditional elementor-list-item-link-full_width elementor-widget elementor-widget-icon-list\" data-id=\"56cd6d54\" data-element_type=\"widget\" data-e-type=\"widget\" data-widget_type=\"icon-list.default\">\n\t\t\t\t<div class=\"elementor-widget-container\">\n\t\t\t\t\t\t\t<ul class=\"elementor-icon-list-items\">\n\t\t\t\t\t\t\t<li class=\"elementor-icon-list-item\">\n\t\t\t\t\t\t\t\t\t\t\t<a href=\"mailto:bernalfernandezluis23@gmail.com\">\n\n\t\t\t\t\t\t\t\t\t\t\t\t<span class=\"elementor-icon-list-icon\">\n\t\t\t\t\t\t\t<svg aria-hidden=\"true\" class=\"e-font-icon-svg e-fas-mail-bulk\" viewBox=\"0 0 576 512\" xmlns=\"http:\/\/www.w3.org\/2000\/svg\"><path d=\"M160 448c-25.6 0-51.2-22.4-64-32-64-44.8-83.2-60.8-96-70.4V480c0 17.67 14.33 32 32 32h256c17.67 0 32-14.33 32-32V345.6c-12.8 9.6-32 25.6-96 70.4-12.8 9.6-38.4 32-64 32zm128-192H32c-17.67 0-32 14.33-32 32v16c25.6 19.2 22.4 19.2 115.2 86.4 9.6 6.4 28.8 25.6 44.8 25.6s35.2-19.2 44.8-22.4c92.8-67.2 89.6-67.2 115.2-86.4V288c0-17.67-14.33-32-32-32zm256-96H224c-17.67 0-32 14.33-32 32v32h96c33.21 0 60.59 25.42 63.71 57.82l.29-.22V416h192c17.67 0 32-14.33 32-32V192c0-17.67-14.33-32-32-32zm-32 128h-64v-64h64v64zm-352-96c0-35.29 28.71-64 64-64h224V32c0-17.67-14.33-32-32-32H96C78.33 0 64 14.33 64 32v192h96v-32z\"><\/path><\/svg>\t\t\t\t\t\t<\/span>\n\t\t\t\t\t\t\t\t\t\t<span class=\"elementor-icon-list-text\">bernalfernandezluis23@gmail.com<\/span>\n\t\t\t\t\t\t\t\t\t\t\t<\/a>\n\t\t\t\t\t\t\t\t\t<\/li>\n\t\t\t\t\t\t\t\t<li class=\"elementor-icon-list-item\">\n\t\t\t\t\t\t\t\t\t\t\t<a href=\"http:\/\/+34%20610%20239%20093\">\n\n\t\t\t\t\t\t\t\t\t\t\t\t<span class=\"elementor-icon-list-icon\">\n\t\t\t\t\t\t\t<svg aria-hidden=\"true\" class=\"e-font-icon-svg e-fas-phone-alt\" viewBox=\"0 0 512 512\" xmlns=\"http:\/\/www.w3.org\/2000\/svg\"><path d=\"M497.39 361.8l-112-48a24 24 0 0 0-28 6.9l-49.6 60.6A370.66 370.66 0 0 1 130.6 204.11l60.6-49.6a23.94 23.94 0 0 0 6.9-28l-48-112A24.16 24.16 0 0 0 122.6.61l-104 24A24 24 0 0 0 0 48c0 256.5 207.9 464 464 464a24 24 0 0 0 23.4-18.6l24-104a24.29 24.29 0 0 0-14.01-27.6z\"><\/path><\/svg>\t\t\t\t\t\t<\/span>\n\t\t\t\t\t\t\t\t\t\t<span class=\"elementor-icon-list-text\">+34 610 239 093<\/span>\n\t\t\t\t\t\t\t\t\t\t\t<\/a>\n\t\t\t\t\t\t\t\t\t<\/li>\n\t\t\t\t\t\t<\/ul>\n\t\t\t\t\t\t<\/div>\n\t\t\t\t<\/div>\n\t\t\t\t<div class=\"elementor-element elementor-element-587fc3bd elementor-widget elementor-widget-heading\" data-id=\"587fc3bd\" data-element_type=\"widget\" data-e-type=\"widget\" data-widget_type=\"heading.default\">\n\t\t\t\t<div class=\"elementor-widget-container\">\n\t\t\t\t\t<h4 class=\"elementor-heading-title elementor-size-default\">\u00a1S\u00edguenos!<\/h4>\t\t\t\t<\/div>\n\t\t\t\t<\/div>\n\t\t\t\t<div class=\"elementor-element elementor-element-6bcf8b3 elementor-shape-circle e-grid-align-mobile-center elementor-grid-0 elementor-widget elementor-widget-social-icons\" data-id=\"6bcf8b3\" data-element_type=\"widget\" data-e-type=\"widget\" data-widget_type=\"social-icons.default\">\n\t\t\t\t<div class=\"elementor-widget-container\">\n\t\t\t\t\t\t\t<div class=\"elementor-social-icons-wrapper elementor-grid\">\n\t\t\t\t\t\t\t<span class=\"elementor-grid-item\">\n\t\t\t\t\t<a class=\"elementor-icon elementor-social-icon elementor-social-icon-instagram elementor-animation-pop elementor-repeater-item-a0e59d2\" href=\"https:\/\/www.instagram.com\/modahogarlb\/\" target=\"_blank\">\n\t\t\t\t\t\t<span class=\"elementor-screen-only\">Instagram<\/span>\n\t\t\t\t\t\t<svg aria-hidden=\"true\" class=\"e-font-icon-svg e-fab-instagram\" viewBox=\"0 0 448 512\" xmlns=\"http:\/\/www.w3.org\/2000\/svg\"><path d=\"M224.1 141c-63.6 0-114.9 51.3-114.9 114.9s51.3 114.9 114.9 114.9S339 319.5 339 255.9 287.7 141 224.1 141zm0 189.6c-41.1 0-74.7-33.5-74.7-74.7s33.5-74.7 74.7-74.7 74.7 33.5 74.7 74.7-33.6 74.7-74.7 74.7zm146.4-194.3c0 14.9-12 26.8-26.8 26.8-14.9 0-26.8-12-26.8-26.8s12-26.8 26.8-26.8 26.8 12 26.8 26.8zm76.1 27.2c-1.7-35.9-9.9-67.7-36.2-93.9-26.2-26.2-58-34.4-93.9-36.2-37-2.1-147.9-2.1-184.9 0-35.8 1.7-67.6 9.9-93.9 36.1s-34.4 58-36.2 93.9c-2.1 37-2.1 147.9 0 184.9 1.7 35.9 9.9 67.7 36.2 93.9s58 34.4 93.9 36.2c37 2.1 147.9 2.1 184.9 0 35.9-1.7 67.7-9.9 93.9-36.2 26.2-26.2 34.4-58 36.2-93.9 2.1-37 2.1-147.8 0-184.8zM398.8 388c-7.8 19.6-22.9 34.7-42.6 42.6-29.5 11.7-99.5 9-132.1 9s-102.7 2.6-132.1-9c-19.6-7.8-34.7-22.9-42.6-42.6-11.7-29.5-9-99.5-9-132.1s-2.6-102.7 9-132.1c7.8-19.6 22.9-34.7 42.6-42.6 29.5-11.7 99.5-9 132.1-9s102.7-2.6 132.1 9c19.6 7.8 34.7 22.9 42.6 42.6 11.7 29.5 9 99.5 9 132.1s2.7 102.7-9 132.1z\"><\/path><\/svg>\t\t\t\t\t<\/a>\n\t\t\t\t<\/span>\n\t\t\t\t\t<\/div>\n\t\t\t\t\t\t<\/div>\n\t\t\t\t<\/div>\n\t\t\t\t<\/div>\n\t\t<div class=\"elementor-element elementor-element-33b4319c e-con-full e-flex e-con e-child\" data-id=\"33b4319c\" data-element_type=\"container\" data-e-type=\"container\">\n\t\t\t\t<div class=\"elementor-element elementor-element-57dc3ebd elementor-invisible elementor-widget elementor-widget-image\" data-id=\"57dc3ebd\" data-element_type=\"widget\" data-e-type=\"widget\" data-settings=\"{&quot;_animation&quot;:&quot;zoomIn&quot;}\" data-widget_type=\"image.default\">\n\t\t\t\t<div class=\"elementor-widget-container\">\n\t\t\t\t\t\t\t\t\t\t\t\t\t\t\t<img fetchpriority=\"high\" decoding=\"async\" width=\"1709\" height=\"2560\" src=\"https:\/\/luisbernalcomerciotextil.adrirodrigoj1.es\/wp-content\/uploads\/2025\/07\/arreglo-de-cama-acogedor-de-alto-angulo-1-scaled.jpg\" class=\"attachment-full size-full wp-image-203\" alt=\"\" srcset=\"https:\/\/luisbernalcomerciotextil.adrirodrigoj1.es\/wp-content\/uploads\/2025\/07\/arreglo-de-cama-acogedor-de-alto-angulo-1-scaled.jpg 1709w, https:\/\/luisbernalcomerciotextil.adrirodrigoj1.es\/wp-content\/uploads\/2025\/07\/arreglo-de-cama-acogedor-de-alto-angulo-1-200x300.jpg 200w, https:\/\/luisbernalcomerciotextil.adrirodrigoj1.es\/wp-content\/uploads\/2025\/07\/arreglo-de-cama-acogedor-de-alto-angulo-1-684x1024.jpg 684w, https:\/\/luisbernalcomerciotextil.adrirodrigoj1.es\/wp-content\/uploads\/2025\/07\/arreglo-de-cama-acogedor-de-alto-angulo-1-768x1150.jpg 768w, https:\/\/luisbernalcomerciotextil.adrirodrigoj1.es\/wp-content\/uploads\/2025\/07\/arreglo-de-cama-acogedor-de-alto-angulo-1-1025x1536.jpg 1025w, https:\/\/luisbernalcomerciotextil.adrirodrigoj1.es\/wp-content\/uploads\/2025\/07\/arreglo-de-cama-acogedor-de-alto-angulo-1-1367x2048.jpg 1367w, https:\/\/luisbernalcomerciotextil.adrirodrigoj1.es\/wp-content\/uploads\/2025\/07\/arreglo-de-cama-acogedor-de-alto-angulo-1-600x899.jpg 600w\" sizes=\"(max-width: 1709px) 100vw, 1709px\" \/>\t\t\t\t\t\t\t\t\t\t\t\t\t\t\t<\/div>\n\t\t\t\t<\/div>\n\t\t\t\t<\/div>\n\t\t\t\t\t<\/div>\n\t\t\t\t<\/div>\n\t\t<div class=\"elementor-element elementor-element-2909ce9f e-flex e-con-boxed e-con e-parent\" data-id=\"2909ce9f\" data-element_type=\"container\" data-e-type=\"container\">\n\t\t\t\t\t<div class=\"e-con-inner\">\n\t\t<div class=\"elementor-element elementor-element-7786cdcc e-con-full e-flex elementor-invisible e-con e-child\" data-id=\"7786cdcc\" data-element_type=\"container\" data-e-type=\"container\" data-settings=\"{&quot;background_background&quot;:&quot;classic&quot;,&quot;animation&quot;:&quot;fadeInUp&quot;}\">\n\t\t\t\t<div class=\"elementor-element elementor-element-33891ff8 elementor-widget elementor-widget-heading\" data-id=\"33891ff8\" data-element_type=\"widget\" data-e-type=\"widget\" data-widget_type=\"heading.default\">\n\t\t\t\t<div class=\"elementor-widget-container\">\n\t\t\t\t\t<h2 class=\"elementor-heading-title elementor-size-default\">\u00a1M\u00e1ndanos un mensaje!<\/h2>\t\t\t\t<\/div>\n\t\t\t\t<\/div>\n\t\t\t\t<div class=\"elementor-element elementor-element-352f157b elementor-widget elementor-widget-text-editor\" data-id=\"352f157b\" data-element_type=\"widget\" data-e-type=\"widget\" data-widget_type=\"text-editor.default\">\n\t\t\t\t<div class=\"elementor-widget-container\">\n\t\t\t\t\t\t\t\t\t<p>\u00a1Llena este formulario con la informaci\u00f3n que gustes, te responderemos lo antes posible!<\/p>\t\t\t\t\t\t\t\t<\/div>\n\t\t\t\t<\/div>\n\t\t\t\t<div class=\"elementor-element elementor-element-660b456 elementor-button-align-stretch elementor-widget elementor-widget-form\" data-id=\"660b456\" data-element_type=\"widget\" data-e-type=\"widget\" data-settings=\"{&quot;step_next_label&quot;:&quot;Next&quot;,&quot;step_previous_label&quot;:&quot;Previous&quot;,&quot;button_width&quot;:&quot;100&quot;,&quot;step_type&quot;:&quot;number_text&quot;,&quot;step_icon_shape&quot;:&quot;circle&quot;}\" data-widget_type=\"form.default\">\n\t\t\t\t<div class=\"elementor-widget-container\">\n\t\t\t\t\t\t\t<form class=\"elementor-form\" method=\"post\" name=\"CONTACTO\" aria-label=\"CONTACTO\">\n\t\t\t<input type=\"hidden\" name=\"post_id\" value=\"247\"\/>\n\t\t\t<input type=\"hidden\" name=\"form_id\" value=\"660b456\"\/>\n\t\t\t<input type=\"hidden\" name=\"referer_title\" value=\"Contacto - Moda Hogar\" \/>\n\n\t\t\t\t\t\t\t<input type=\"hidden\" name=\"queried_id\" value=\"247\"\/>\n\t\t\t\n\t\t\t<div class=\"elementor-form-fields-wrapper elementor-labels-above\">\n\t\t\t\t\t\t\t\t<div class=\"elementor-field-type-text elementor-field-group elementor-column elementor-field-group-nombre elementor-col-50 elementor-field-required\">\n\t\t\t\t\t\t\t\t\t\t\t\t<label for=\"form-field-nombre\" class=\"elementor-field-label\">\n\t\t\t\t\t\t\t\tNombre\t\t\t\t\t\t\t<\/label>\n\t\t\t\t\t\t\t\t\t\t\t\t\t\t<input size=\"1\" type=\"text\" name=\"form_fields[nombre]\" id=\"form-field-nombre\" class=\"elementor-field elementor-size-lg  elementor-field-textual\" placeholder=\"Nombre*\" required=\"required\">\n\t\t\t\t\t\t\t\t\t\t\t<\/div>\n\t\t\t\t\t\t\t\t<div class=\"elementor-field-type-email elementor-field-group elementor-column elementor-field-group-email elementor-col-50 elementor-field-required\">\n\t\t\t\t\t\t\t\t\t\t\t\t<label for=\"form-field-email\" class=\"elementor-field-label\">\n\t\t\t\t\t\t\t\tEmail\t\t\t\t\t\t\t<\/label>\n\t\t\t\t\t\t\t\t\t\t\t\t\t\t<input size=\"1\" type=\"email\" name=\"form_fields[email]\" id=\"form-field-email\" class=\"elementor-field elementor-size-lg  elementor-field-textual\" placeholder=\"Email*\" required=\"required\">\n\t\t\t\t\t\t\t\t\t\t\t<\/div>\n\t\t\t\t\t\t\t\t<div class=\"elementor-field-type-tel elementor-field-group elementor-column elementor-field-group-field_b0a33b7 elementor-col-100 elementor-field-required\">\n\t\t\t\t\t\t\t\t\t\t\t\t<label for=\"form-field-field_b0a33b7\" class=\"elementor-field-label\">\n\t\t\t\t\t\t\t\tTel\u00e9fono\t\t\t\t\t\t\t<\/label>\n\t\t\t\t\t\t\t\t<input size=\"1\" type=\"tel\" name=\"form_fields[field_b0a33b7]\" id=\"form-field-field_b0a33b7\" class=\"elementor-field elementor-size-lg  elementor-field-textual\" placeholder=\"Tel\u00e9fono*\" required=\"required\" pattern=\"[0-9()#&amp;+*-=.]+\" title=\"Solo se aceptan n\u00fameros y caracteres de tel\u00e9fono (#,-,*,etc).\">\n\n\t\t\t\t\t\t<\/div>\n\t\t\t\t\t\t\t\t<div class=\"elementor-field-type-textarea elementor-field-group elementor-column elementor-field-group-message elementor-col-100 elementor-field-required\">\n\t\t\t\t\t\t\t\t\t\t\t\t<label for=\"form-field-message\" class=\"elementor-field-label\">\n\t\t\t\t\t\t\t\tMensaje\t\t\t\t\t\t\t<\/label>\n\t\t\t\t\t\t<textarea class=\"elementor-field-textual elementor-field  elementor-size-lg\" name=\"form_fields[message]\" id=\"form-field-message\" rows=\"4\" placeholder=\"Mensaje*\" required=\"required\"><\/textarea>\t\t\t\t<\/div>\n\t\t\t\t\t\t\t\t<div class=\"elementor-field-type-acceptance elementor-field-group elementor-column elementor-field-group-field_1ed9da7 elementor-col-100 elementor-field-required\">\n\t\t\t\t\t\t\t\t\t\t\t\t<label for=\"form-field-field_1ed9da7\" class=\"elementor-field-label\">\n\t\t\t\t\t\t\t\t*\t\t\t\t\t\t\t<\/label>\n\t\t\t\t\t\t\t\t<div class=\"elementor-field-subgroup\">\n\t\t\t<span class=\"elementor-field-option\">\n\t\t\t\t<input type=\"checkbox\" name=\"form_fields[field_1ed9da7]\" id=\"form-field-field_1ed9da7\" class=\"elementor-field elementor-size-lg  elementor-acceptance-field\" required=\"required\">\n\t\t\t\t<label for=\"form-field-field_1ed9da7\">He le\u00eddo y acepto la <a href=\"https:\/\/luisbernalcomerciotextil.adrirodrigoj1.es\/privacidad\/\" target=\"_blank\">pol\u00edtica de privacidad<\/a>.<\/label>\t\t\t<\/span>\n\t\t<\/div>\n\t\t\t\t\t\t<\/div>\n\t\t\t\t\t\t\t\t<div class=\"elementor-field-type-recaptcha_v3 elementor-field-group elementor-column elementor-field-group-field_85ea5d5 elementor-col-100 recaptcha_v3-bottomleft\">\n\t\t\t\t\t<div class=\"elementor-field\" id=\"form-field-field_85ea5d5\"><\/div>\t\t\t\t<\/div>\n\t\t\t\t\t\t\t\t<div class=\"elementor-field-group elementor-column elementor-field-type-submit elementor-col-100 e-form__buttons\">\n\t\t\t\t\t<button class=\"elementor-button elementor-size-lg\" type=\"submit\">\n\t\t\t\t\t\t<span class=\"elementor-button-content-wrapper\">\n\t\t\t\t\t\t\t\t\t\t\t\t\t\t\t\t\t\t\t\t\t\t<span class=\"elementor-button-text\">Enviar<\/span>\n\t\t\t\t\t\t\t\t\t\t\t\t\t<\/span>\n\t\t\t\t\t<\/button>\n\t\t\t\t<\/div>\n\t\t\t<\/div>\n\t\t<\/form>\n\t\t\t\t\t\t<\/div>\n\t\t\t\t<\/div>\n\t\t\t\t<\/div>\n\t\t\t\t\t<\/div>\n\t\t\t\t<\/div>\n\t\t\t\t<\/div>\n\t\t","protected":false},"excerpt":{"rendered":"<p>Contacto \u00a1Queremos saber sobre ti! Cont\u00e1ctanos Cualquier duda que tengas, estamos para resolverla Env\u00edanos un mensaje, alguien de nuestro equipo te contactar\u00e1 a la brevedad bernalfernandezluis23@gmail.com +34 610 239 093 \u00a1S\u00edguenos! Instagram \u00a1M\u00e1ndanos un mensaje! \u00a1Llena este formulario con la informaci\u00f3n que gustes, te responderemos lo antes posible!<\/p>","protected":false},"author":9,"featured_media":0,"parent":0,"menu_order":0,"comment_status":"closed","ping_status":"closed","template":"","meta":{"footnotes":""},"class_list":["post-247","page","type-page","status-publish","hentry"],"yoast_head":"<!-- This site is optimized with the Yoast SEO plugin v27.3 - https:\/\/yoast.com\/product\/yoast-seo-wordpress\/ -->\n<title>Contacto - Moda Hogar<\/title>\n<meta name=\"robots\" content=\"noindex, follow, max-snippet:-1, max-image-preview:large, max-video-preview:-1\" \/>\n<meta property=\"og:locale\" content=\"en_GB\" \/>\n<meta property=\"og:type\" content=\"article\" \/>\n<meta property=\"og:title\" content=\"Contacto - Moda Hogar\" \/>\n<meta property=\"og:description\" content=\"Contacto \u00a1Queremos saber sobre ti! Cont\u00e1ctanos Cualquier duda que tengas, estamos para resolverla Env\u00edanos un mensaje, alguien de nuestro equipo te contactar\u00e1 a la brevedad bernalfernandezluis23@gmail.com +34 610 239 093 \u00a1S\u00edguenos! Instagram \u00a1M\u00e1ndanos un mensaje! \u00a1Llena este formulario con la informaci\u00f3n que gustes, te responderemos lo antes posible!\" \/>\n<meta property=\"og:url\" content=\"https:\/\/luisbernalcomerciotextil.adrirodrigoj1.es\/en\/contacto\/\" \/>\n<meta property=\"og:site_name\" content=\"Moda Hogar\" \/>\n<meta property=\"article:modified_time\" content=\"2025-08-01T17:24:16+00:00\" \/>\n<meta property=\"og:image\" content=\"https:\/\/luisbernalcomerciotextil.adrirodrigoj1.es\/wp-content\/uploads\/2025\/07\/arreglo-de-cama-acogedor-de-alto-angulo-1-scaled.jpg\" \/>\n\t<meta property=\"og:image:width\" content=\"1709\" \/>\n\t<meta property=\"og:image:height\" content=\"2560\" \/>\n\t<meta property=\"og:image:type\" content=\"image\/jpeg\" \/>\n<meta name=\"twitter:card\" content=\"summary_large_image\" \/>\n<meta name=\"twitter:label1\" content=\"Estimated reading time\" \/>\n\t<meta name=\"twitter:data1\" content=\"1 minute\" \/>\n<script type=\"application\/ld+json\" class=\"yoast-schema-graph\">{\"@context\":\"https:\\\/\\\/schema.org\",\"@graph\":[{\"@type\":\"WebPage\",\"@id\":\"https:\\\/\\\/luisbernalcomerciotextil.adrirodrigoj1.es\\\/contacto\\\/\",\"url\":\"https:\\\/\\\/luisbernalcomerciotextil.adrirodrigoj1.es\\\/contacto\\\/\",\"name\":\"Contacto - Moda Hogar\",\"isPartOf\":{\"@id\":\"https:\\\/\\\/luisbernalcomerciotextil.adrirodrigoj1.es\\\/#website\"},\"primaryImageOfPage\":{\"@id\":\"https:\\\/\\\/luisbernalcomerciotextil.adrirodrigoj1.es\\\/contacto\\\/#primaryimage\"},\"image\":{\"@id\":\"https:\\\/\\\/luisbernalcomerciotextil.adrirodrigoj1.es\\\/contacto\\\/#primaryimage\"},\"thumbnailUrl\":\"https:\\\/\\\/luisbernalcomerciotextil.adrirodrigoj1.es\\\/wp-content\\\/uploads\\\/2025\\\/07\\\/arreglo-de-cama-acogedor-de-alto-angulo-1-scaled.jpg\",\"datePublished\":\"2025-07-31T16:31:31+00:00\",\"dateModified\":\"2025-08-01T17:24:16+00:00\",\"breadcrumb\":{\"@id\":\"https:\\\/\\\/luisbernalcomerciotextil.adrirodrigoj1.es\\\/contacto\\\/#breadcrumb\"},\"inLanguage\":\"en-GB\",\"potentialAction\":[{\"@type\":\"ReadAction\",\"target\":[\"https:\\\/\\\/luisbernalcomerciotextil.adrirodrigoj1.es\\\/contacto\\\/\"]}]},{\"@type\":\"ImageObject\",\"inLanguage\":\"en-GB\",\"@id\":\"https:\\\/\\\/luisbernalcomerciotextil.adrirodrigoj1.es\\\/contacto\\\/#primaryimage\",\"url\":\"https:\\\/\\\/luisbernalcomerciotextil.adrirodrigoj1.es\\\/wp-content\\\/uploads\\\/2025\\\/07\\\/arreglo-de-cama-acogedor-de-alto-angulo-1-scaled.jpg\",\"contentUrl\":\"https:\\\/\\\/luisbernalcomerciotextil.adrirodrigoj1.es\\\/wp-content\\\/uploads\\\/2025\\\/07\\\/arreglo-de-cama-acogedor-de-alto-angulo-1-scaled.jpg\"},{\"@type\":\"BreadcrumbList\",\"@id\":\"https:\\\/\\\/luisbernalcomerciotextil.adrirodrigoj1.es\\\/contacto\\\/#breadcrumb\",\"itemListElement\":[{\"@type\":\"ListItem\",\"position\":1,\"name\":\"Portada\",\"item\":\"https:\\\/\\\/luisbernalcomerciotextil.adrirodrigoj1.es\\\/\"},{\"@type\":\"ListItem\",\"position\":2,\"name\":\"Contacto\"}]},{\"@type\":\"WebSite\",\"@id\":\"https:\\\/\\\/luisbernalcomerciotextil.adrirodrigoj1.es\\\/#website\",\"url\":\"https:\\\/\\\/luisbernalcomerciotextil.adrirodrigoj1.es\\\/\",\"name\":\"Moda Hogar\",\"description\":\"Moda Hogar: calidad, confort y estilo para tu casa\",\"potentialAction\":[{\"@type\":\"SearchAction\",\"target\":{\"@type\":\"EntryPoint\",\"urlTemplate\":\"https:\\\/\\\/luisbernalcomerciotextil.adrirodrigoj1.es\\\/?s={search_term_string}\"},\"query-input\":{\"@type\":\"PropertyValueSpecification\",\"valueRequired\":true,\"valueName\":\"search_term_string\"}}],\"inLanguage\":\"en-GB\"}]}<\/script>\n<!-- \/ Yoast SEO plugin. -->","yoast_head_json":{"title":"Contacto - Moda Hogar","robots":{"index":"noindex","follow":"follow","max-snippet":"max-snippet:-1","max-image-preview":"max-image-preview:large","max-video-preview":"max-video-preview:-1"},"og_locale":"en_GB","og_type":"article","og_title":"Contacto - Moda Hogar","og_description":"Contacto \u00a1Queremos saber sobre ti! Cont\u00e1ctanos Cualquier duda que tengas, estamos para resolverla Env\u00edanos un mensaje, alguien de nuestro equipo te contactar\u00e1 a la brevedad bernalfernandezluis23@gmail.com +34 610 239 093 \u00a1S\u00edguenos! Instagram \u00a1M\u00e1ndanos un mensaje! \u00a1Llena este formulario con la informaci\u00f3n que gustes, te responderemos lo antes posible!","og_url":"https:\/\/luisbernalcomerciotextil.adrirodrigoj1.es\/en\/contacto\/","og_site_name":"Moda Hogar","article_modified_time":"2025-08-01T17:24:16+00:00","og_image":[{"width":1709,"height":2560,"url":"https:\/\/luisbernalcomerciotextil.adrirodrigoj1.es\/wp-content\/uploads\/2025\/07\/arreglo-de-cama-acogedor-de-alto-angulo-1-scaled.jpg","type":"image\/jpeg"}],"twitter_card":"summary_large_image","twitter_misc":{"Estimated reading time":"1 minute"},"schema":{"@context":"https:\/\/schema.org","@graph":[{"@type":"WebPage","@id":"https:\/\/luisbernalcomerciotextil.adrirodrigoj1.es\/contacto\/","url":"https:\/\/luisbernalcomerciotextil.adrirodrigoj1.es\/contacto\/","name":"Contacto - Moda Hogar","isPartOf":{"@id":"https:\/\/luisbernalcomerciotextil.adrirodrigoj1.es\/#website"},"primaryImageOfPage":{"@id":"https:\/\/luisbernalcomerciotextil.adrirodrigoj1.es\/contacto\/#primaryimage"},"image":{"@id":"https:\/\/luisbernalcomerciotextil.adrirodrigoj1.es\/contacto\/#primaryimage"},"thumbnailUrl":"https:\/\/luisbernalcomerciotextil.adrirodrigoj1.es\/wp-content\/uploads\/2025\/07\/arreglo-de-cama-acogedor-de-alto-angulo-1-scaled.jpg","datePublished":"2025-07-31T16:31:31+00:00","dateModified":"2025-08-01T17:24:16+00:00","breadcrumb":{"@id":"https:\/\/luisbernalcomerciotextil.adrirodrigoj1.es\/contacto\/#breadcrumb"},"inLanguage":"en-GB","potentialAction":[{"@type":"ReadAction","target":["https:\/\/luisbernalcomerciotextil.adrirodrigoj1.es\/contacto\/"]}]},{"@type":"ImageObject","inLanguage":"en-GB","@id":"https:\/\/luisbernalcomerciotextil.adrirodrigoj1.es\/contacto\/#primaryimage","url":"https:\/\/luisbernalcomerciotextil.adrirodrigoj1.es\/wp-content\/uploads\/2025\/07\/arreglo-de-cama-acogedor-de-alto-angulo-1-scaled.jpg","contentUrl":"https:\/\/luisbernalcomerciotextil.adrirodrigoj1.es\/wp-content\/uploads\/2025\/07\/arreglo-de-cama-acogedor-de-alto-angulo-1-scaled.jpg"},{"@type":"BreadcrumbList","@id":"https:\/\/luisbernalcomerciotextil.adrirodrigoj1.es\/contacto\/#breadcrumb","itemListElement":[{"@type":"ListItem","position":1,"name":"Portada","item":"https:\/\/luisbernalcomerciotextil.adrirodrigoj1.es\/"},{"@type":"ListItem","position":2,"name":"Contacto"}]},{"@type":"WebSite","@id":"https:\/\/luisbernalcomerciotextil.adrirodrigoj1.es\/#website","url":"https:\/\/luisbernalcomerciotextil.adrirodrigoj1.es\/","name":"Moda Hogar","description":"Moda Hogar: calidad, confort y estilo para tu casa","potentialAction":[{"@type":"SearchAction","target":{"@type":"EntryPoint","urlTemplate":"https:\/\/luisbernalcomerciotextil.adrirodrigoj1.es\/?s={search_term_string}"},"query-input":{"@type":"PropertyValueSpecification","valueRequired":true,"valueName":"search_term_string"}}],"inLanguage":"en-GB"}]}},"_links":{"self":[{"href":"https:\/\/luisbernalcomerciotextil.adrirodrigoj1.es\/en\/wp-json\/wp\/v2\/pages\/247","targetHints":{"allow":["GET"]}}],"collection":[{"href":"https:\/\/luisbernalcomerciotextil.adrirodrigoj1.es\/en\/wp-json\/wp\/v2\/pages"}],"about":[{"href":"https:\/\/luisbernalcomerciotextil.adrirodrigoj1.es\/en\/wp-json\/wp\/v2\/types\/page"}],"author":[{"embeddable":true,"href":"https:\/\/luisbernalcomerciotextil.adrirodrigoj1.es\/en\/wp-json\/wp\/v2\/users\/9"}],"replies":[{"embeddable":true,"href":"https:\/\/luisbernalcomerciotextil.adrirodrigoj1.es\/en\/wp-json\/wp\/v2\/comments?post=247"}],"version-history":[{"count":52,"href":"https:\/\/luisbernalcomerciotextil.adrirodrigoj1.es\/en\/wp-json\/wp\/v2\/pages\/247\/revisions"}],"predecessor-version":[{"id":589,"href":"https:\/\/luisbernalcomerciotextil.adrirodrigoj1.es\/en\/wp-json\/wp\/v2\/pages\/247\/revisions\/589"}],"wp:attachment":[{"href":"https:\/\/luisbernalcomerciotextil.adrirodrigoj1.es\/en\/wp-json\/wp\/v2\/media?parent=247"}],"curies":[{"name":"wp","href":"https:\/\/api.w.org\/{rel}","templated":true}]}}